{"id":1113,"date":"2022-05-14T12:12:47","date_gmt":"2022-05-14T17:12:47","guid":{"rendered":"https:\/\/serviice.co\/?page_id=1113"},"modified":"2023-06-17T11:05:09","modified_gmt":"2023-06-17T16:05:09","slug":"blog-servi-ice-2","status":"publish","type":"page","link":"https:\/\/serviice.co\/index.php\/blog-servi-ice-2\/","title":{"rendered":"BLOG SERVI ICE"},"content":{"rendered":"\t\t<div data-elementor-type=\"wp-page\" data-elementor-id=\"1113\" class=\"elementor elementor-1113\" data-elementor-post-type=\"page\">\n\t\t\t\t\t\t<section class=\"elementor-section elementor-top-section elementor-element elementor-element-f73c712 elementor-section-boxed elementor-section-height-default elementor-section-height-default\" data-id=\"f73c712\" data-element_type=\"section\">\n\t\t\t\t\t\t<div class=\"elementor-container elementor-column-gap-default\">\n\t\t\t\t\t<div class=\"elementor-column elementor-col-100 elementor-top-column elementor-element elementor-element-b6d7c42\" data-id=\"b6d7c42\" data-element_type=\"column\">\n\t\t\t<div class=\"elementor-widget-wrap elementor-element-populated\">\n\t\t\t\t\t\t<div class=\"elementor-element elementor-element-bb7b61f elementor-widget elementor-widget-heading\" data-id=\"bb7b61f\" data-element_type=\"widget\" data-widget_type=\"heading.default\">\n\t\t\t\t<div class=\"elementor-widget-container\">\n\t\t\t\t\t<h6 class=\"elementor-heading-title elementor-size-default\">Blog de Noticias <\/h6>\t\t\t\t<\/div>\n\t\t\t\t<\/div>\n\t\t\t\t<div class=\"elementor-element elementor-element-2335265 elementor-widget-divider--view-line_icon elementor-view-default elementor-widget-divider--element-align-center elementor-widget elementor-widget-divider\" data-id=\"2335265\" data-element_type=\"widget\" data-widget_type=\"divider.default\">\n\t\t\t\t<div class=\"elementor-widget-container\">\n\t\t\t\t\t\t\t<div class=\"elementor-divider\">\n\t\t\t<span class=\"elementor-divider-separator\">\n\t\t\t\t\t\t\t<div class=\"elementor-icon elementor-divider__element\">\n\t\t\t\t\t<i aria-hidden=\"true\" class=\"far fa-file-alt\"><\/i><\/div>\n\t\t\t\t\t\t<\/span>\n\t\t<\/div>\n\t\t\t\t\t\t<\/div>\n\t\t\t\t<\/div>\n\t\t\t\t<div class=\"elementor-element elementor-element-6e687fe elementor-widget elementor-widget-heading\" data-id=\"6e687fe\" data-element_type=\"widget\" data-widget_type=\"heading.default\">\n\t\t\t\t<div class=\"elementor-widget-container\">\n\t\t\t\t\t<h2 class=\"elementor-heading-title elementor-size-default\">Nuevos productos y de Temporada<\/h2>\t\t\t\t<\/div>\n\t\t\t\t<\/div>\n\t\t\t\t<div class=\"elementor-element elementor-element-32a680f elementor-grid-3 elementor-grid-tablet-2 elementor-grid-mobile-1 elementor-posts--thumbnail-top elementor-card-shadow-yes elementor-posts__hover-gradient elementor-widget elementor-widget-posts\" data-id=\"32a680f\" data-element_type=\"widget\" data-settings=\"{&quot;cards_columns&quot;:&quot;3&quot;,&quot;cards_columns_tablet&quot;:&quot;2&quot;,&quot;cards_columns_mobile&quot;:&quot;1&quot;,&quot;cards_row_gap&quot;:{&quot;unit&quot;:&quot;px&quot;,&quot;size&quot;:35,&quot;sizes&quot;:[]},&quot;cards_row_gap_tablet&quot;:{&quot;unit&quot;:&quot;px&quot;,&quot;size&quot;:&quot;&quot;,&quot;sizes&quot;:[]},&quot;cards_row_gap_mobile&quot;:{&quot;unit&quot;:&quot;px&quot;,&quot;size&quot;:&quot;&quot;,&quot;sizes&quot;:[]}}\" data-widget_type=\"posts.cards\">\n\t\t\t\t<div class=\"elementor-widget-container\">\n\t\t\t\t\t\t\t<div class=\"elementor-posts-container elementor-posts elementor-posts--skin-cards elementor-grid\" role=\"list\">\n\t\t\t\t<article class=\"elementor-post elementor-grid-item post-1588 post type-post status-publish format-standard has-post-thumbnail hentry category-paleta-dracula category-servi-ice tag-cremhelado tag-helado-paleta-dracula tag-serviice\" role=\"listitem\">\n\t\t\t<div class=\"elementor-post__card\">\n\t\t\t\t<a class=\"elementor-post__thumbnail__link\" href=\"https:\/\/serviice.co\/index.php\/2023\/09\/16\/paleta-dracula-monstruos-marinos-este-2023\/\" tabindex=\"-1\" target=\"_blank\"><div class=\"elementor-post__thumbnail\"><img fetchpriority=\"high\" decoding=\"async\" width=\"300\" height=\"169\" src=\"https:\/\/serviice.co\/wp-content\/uploads\/2023\/09\/portada-dracula-300x169.png\" class=\"attachment-medium size-medium wp-image-1605\" alt=\"\" srcset=\"https:\/\/serviice.co\/wp-content\/uploads\/2023\/09\/portada-dracula-300x169.png 300w, https:\/\/serviice.co\/wp-content\/uploads\/2023\/09\/portada-dracula-768x432.png 768w, https:\/\/serviice.co\/wp-content\/uploads\/2023\/09\/portada-dracula.png 920w\" sizes=\"(max-width: 300px) 100vw, 300px\" \/><\/div><\/a>\n\t\t\t\t<div class=\"elementor-post__badge\">PALETA DRACULA<\/div>\n\t\t\t\t<div class=\"elementor-post__text\">\n\t\t\t\t<h3 class=\"elementor-post__title\">\n\t\t\t<a href=\"https:\/\/serviice.co\/index.php\/2023\/09\/16\/paleta-dracula-monstruos-marinos-este-2023\/\" target=&quot;_blank&quot;>\n\t\t\t\t\u00a1Paleta Dr\u00e1cula Monstruos Marinos este 2023!\t\t\t<\/a>\n\t\t<\/h3>\n\t\t\t\t<div class=\"elementor-post__excerpt\">\n\t\t\t<p>\u00a1Gana la Colecci\u00f3n Completa de Monstruos Marinos en el Metaverso de\u00a0Paleta Dr\u00e1cula\u00ae\u00a0este 2023! Imagina tener en tus manos una\u00a0Paleta Dr\u00e1cula\u00ae\u00a0en forma de ata\u00fad \ud83d\ude31\u26b0\ufe0f. Entra<\/p>\n\t\t<\/div>\n\t\t\n\t\t<a class=\"elementor-post__read-more\" href=\"https:\/\/serviice.co\/index.php\/2023\/09\/16\/paleta-dracula-monstruos-marinos-este-2023\/\" aria-label=\"M\u00e1s informaci\u00f3n sobre \u00a1Paleta Dr\u00e1cula Monstruos Marinos este 2023!\" tabindex=\"-1\" target=\"_blank\">\n\t\t\tLeer M\u00e1s \u00bb\t\t<\/a>\n\n\t\t\t\t<\/div>\n\t\t\t\t<div class=\"elementor-post__meta-data\">\n\t\t\t\t\t<span class=\"elementor-post-date\">\n\t\t\tseptiembre 16, 2023\t\t<\/span>\n\t\t\t\t<span class=\"elementor-post-avatar\">\n\t\t\tNo hay comentarios\t\t<\/span>\n\t\t\t\t<\/div>\n\t\t\t\t\t<\/div>\n\t\t<\/article>\n\t\t\t\t<article class=\"elementor-post elementor-grid-item post-1401 post type-post status-publish format-standard has-post-thumbnail hentry category-helado-frunas tag-helado-frunas tag-scooping tag-tarro-10l-frunas-frutas tag-vaso-medio-l-tradicional-frunas-x300g\" role=\"listitem\">\n\t\t\t<div class=\"elementor-post__card\">\n\t\t\t\t<a class=\"elementor-post__thumbnail__link\" href=\"https:\/\/serviice.co\/index.php\/2023\/08\/15\/descubre-el-nuevo-helado-frunas-una-explosion-de-sabor-y-diversion\/\" tabindex=\"-1\" target=\"_blank\"><div class=\"elementor-post__thumbnail\"><img decoding=\"async\" width=\"212\" height=\"300\" data-src=\"https:\/\/serviice.co\/wp-content\/uploads\/2023\/08\/frunascremhelado-212x300.jpeg\" class=\"attachment-medium size-medium wp-image-1402 lazyload\" alt=\"\" data-srcset=\"https:\/\/serviice.co\/wp-content\/uploads\/2023\/08\/frunascremhelado-212x300.jpeg 212w, https:\/\/serviice.co\/wp-content\/uploads\/2023\/08\/frunascremhelado-723x1024.jpeg 723w, https:\/\/serviice.co\/wp-content\/uploads\/2023\/08\/frunascremhelado-768x1087.jpeg 768w, https:\/\/serviice.co\/wp-content\/uploads\/2023\/08\/frunascremhelado.jpeg 1085w\" data-sizes=\"(max-width: 212px) 100vw, 212px\" src=\"data:image\/svg+xml;base64,PHN2ZyB3aWR0aD0iMSIgaGVpZ2h0PSIxIiB4bWxucz0iaHR0cDovL3d3dy53My5vcmcvMjAwMC9zdmciPjwvc3ZnPg==\" style=\"--smush-placeholder-width: 212px; --smush-placeholder-aspect-ratio: 212\/300;\" \/><\/div><\/a>\n\t\t\t\t<div class=\"elementor-post__badge\">HELADO FRUNAS<\/div>\n\t\t\t\t<div class=\"elementor-post__text\">\n\t\t\t\t<h3 class=\"elementor-post__title\">\n\t\t\t<a href=\"https:\/\/serviice.co\/index.php\/2023\/08\/15\/descubre-el-nuevo-helado-frunas-una-explosion-de-sabor-y-diversion\/\" target=&quot;_blank&quot;>\n\t\t\t\tDescubre el nuevo Helado Frunas: Una Explosi\u00f3n de Sabor y Diversi\u00f3n.\t\t\t<\/a>\n\t\t<\/h3>\n\t\t\t\t<div class=\"elementor-post__excerpt\">\n\t\t\t<p>En el apasionante mundo de los helados, la innovaci\u00f3n y la creatividad nunca cesan. Es por eso que nos enorgullece presentar nuestro m\u00e1s reciente logro<\/p>\n\t\t<\/div>\n\t\t\n\t\t<a class=\"elementor-post__read-more\" href=\"https:\/\/serviice.co\/index.php\/2023\/08\/15\/descubre-el-nuevo-helado-frunas-una-explosion-de-sabor-y-diversion\/\" aria-label=\"M\u00e1s informaci\u00f3n sobre Descubre el nuevo Helado Frunas: Una Explosi\u00f3n de Sabor y Diversi\u00f3n.\" tabindex=\"-1\" target=\"_blank\">\n\t\t\tLeer M\u00e1s \u00bb\t\t<\/a>\n\n\t\t\t\t<\/div>\n\t\t\t\t<div class=\"elementor-post__meta-data\">\n\t\t\t\t\t<span class=\"elementor-post-date\">\n\t\t\tagosto 15, 2023\t\t<\/span>\n\t\t\t\t<span class=\"elementor-post-avatar\">\n\t\t\tNo hay comentarios\t\t<\/span>\n\t\t\t\t<\/div>\n\t\t\t\t\t<\/div>\n\t\t<\/article>\n\t\t\t\t<article class=\"elementor-post elementor-grid-item post-1333 post type-post status-publish format-standard has-post-thumbnail hentry category-chococono-millonario category-crem-helado category-informacion category-nuevos-productos category-servi-ice tag-chococono tag-chococono-millonario-gana-hasta-10-000-000 tag-cremhelado tag-helado tag-promocion tag-serviice\" role=\"listitem\">\n\t\t\t<div class=\"elementor-post__card\">\n\t\t\t\t<a class=\"elementor-post__thumbnail__link\" href=\"https:\/\/serviice.co\/index.php\/2023\/07\/28\/chococono-millonario-gana-hasta-10-000-000\/\" tabindex=\"-1\" target=\"_blank\"><div class=\"elementor-post__thumbnail\"><img decoding=\"async\" width=\"300\" height=\"200\" data-src=\"https:\/\/serviice.co\/wp-content\/uploads\/2023\/07\/CHOCOCONO-MILLONARIO-300x200.jpg\" class=\"attachment-medium size-medium wp-image-1334 lazyload\" alt=\"\" data-srcset=\"https:\/\/serviice.co\/wp-content\/uploads\/2023\/07\/CHOCOCONO-MILLONARIO-300x200.jpg 300w, https:\/\/serviice.co\/wp-content\/uploads\/2023\/07\/CHOCOCONO-MILLONARIO-1024x682.jpg 1024w, https:\/\/serviice.co\/wp-content\/uploads\/2023\/07\/CHOCOCONO-MILLONARIO-768x511.jpg 768w, https:\/\/serviice.co\/wp-content\/uploads\/2023\/07\/CHOCOCONO-MILLONARIO-1536x1023.jpg 1536w, https:\/\/serviice.co\/wp-content\/uploads\/2023\/07\/CHOCOCONO-MILLONARIO.jpg 1694w\" data-sizes=\"(max-width: 300px) 100vw, 300px\" src=\"data:image\/svg+xml;base64,PHN2ZyB3aWR0aD0iMSIgaGVpZ2h0PSIxIiB4bWxucz0iaHR0cDovL3d3dy53My5vcmcvMjAwMC9zdmciPjwvc3ZnPg==\" style=\"--smush-placeholder-width: 300px; --smush-placeholder-aspect-ratio: 300\/200;\" \/><\/div><\/a>\n\t\t\t\t<div class=\"elementor-post__badge\">CHOCOCONO MILLONARIO<\/div>\n\t\t\t\t<div class=\"elementor-post__text\">\n\t\t\t\t<h3 class=\"elementor-post__title\">\n\t\t\t<a href=\"https:\/\/serviice.co\/index.php\/2023\/07\/28\/chococono-millonario-gana-hasta-10-000-000\/\" target=&quot;_blank&quot;>\n\t\t\t\tChococono Millonario gana hasta $10.000.000\t\t\t<\/a>\n\t\t<\/h3>\n\t\t\t\t<div class=\"elementor-post__excerpt\">\n\t\t\t<p>Chococono Millonario \u00a1Gana y Disfruta del Irresistible Sabor del Chococono! Atenci\u00f3n, amantes de los helados y buscadores de emociones! Ha llegado el momento de vivir<\/p>\n\t\t<\/div>\n\t\t\n\t\t<a class=\"elementor-post__read-more\" href=\"https:\/\/serviice.co\/index.php\/2023\/07\/28\/chococono-millonario-gana-hasta-10-000-000\/\" aria-label=\"M\u00e1s informaci\u00f3n sobre Chococono Millonario gana hasta $10.000.000\" tabindex=\"-1\" target=\"_blank\">\n\t\t\tLeer M\u00e1s \u00bb\t\t<\/a>\n\n\t\t\t\t<\/div>\n\t\t\t\t<div class=\"elementor-post__meta-data\">\n\t\t\t\t\t<span class=\"elementor-post-date\">\n\t\t\tjulio 28, 2023\t\t<\/span>\n\t\t\t\t<span class=\"elementor-post-avatar\">\n\t\t\tNo hay comentarios\t\t<\/span>\n\t\t\t\t<\/div>\n\t\t\t\t\t<\/div>\n\t\t<\/article>\n\t\t\t\t<article class=\"elementor-post elementor-grid-item post-1290 post type-post status-publish format-standard has-post-thumbnail hentry category-crem-helado\" role=\"listitem\">\n\t\t\t<div class=\"elementor-post__card\">\n\t\t\t\t<a class=\"elementor-post__thumbnail__link\" href=\"https:\/\/serviice.co\/index.php\/2023\/06\/23\/aloha-mango-biche\/\" tabindex=\"-1\" target=\"_blank\"><div class=\"elementor-post__thumbnail\"><img decoding=\"async\" width=\"300\" height=\"169\" data-src=\"https:\/\/serviice.co\/wp-content\/uploads\/2023\/06\/1687293651950-300x169.jpeg\" class=\"attachment-medium size-medium wp-image-1291 lazyload\" alt=\"\" data-srcset=\"https:\/\/serviice.co\/wp-content\/uploads\/2023\/06\/1687293651950-300x169.jpeg 300w, https:\/\/serviice.co\/wp-content\/uploads\/2023\/06\/1687293651950-768x432.jpeg 768w, https:\/\/serviice.co\/wp-content\/uploads\/2023\/06\/1687293651950.jpeg 800w\" data-sizes=\"(max-width: 300px) 100vw, 300px\" src=\"data:image\/svg+xml;base64,PHN2ZyB3aWR0aD0iMSIgaGVpZ2h0PSIxIiB4bWxucz0iaHR0cDovL3d3dy53My5vcmcvMjAwMC9zdmciPjwvc3ZnPg==\" style=\"--smush-placeholder-width: 300px; --smush-placeholder-aspect-ratio: 300\/169;\" \/><\/div><\/a>\n\t\t\t\t<div class=\"elementor-post__badge\">CREM HELADO<\/div>\n\t\t\t\t<div class=\"elementor-post__text\">\n\t\t\t\t<h3 class=\"elementor-post__title\">\n\t\t\t<a href=\"https:\/\/serviice.co\/index.php\/2023\/06\/23\/aloha-mango-biche\/\" target=&quot;_blank&quot;>\n\t\t\t\tAloha Mango Biche\t\t\t<\/a>\n\t\t<\/h3>\n\t\t\t\t<div class=\"elementor-post__excerpt\">\n\t\t\t<p>Nos encanta entregar noticias refrescantes a nuestros clientes y consumidores. Hoy te invitamos desbloquear un nuevo nivel de frescura con Aloha Mango Biche con lim\u00f3n<\/p>\n\t\t<\/div>\n\t\t\n\t\t<a class=\"elementor-post__read-more\" href=\"https:\/\/serviice.co\/index.php\/2023\/06\/23\/aloha-mango-biche\/\" aria-label=\"M\u00e1s informaci\u00f3n sobre Aloha Mango Biche\" tabindex=\"-1\" target=\"_blank\">\n\t\t\tLeer M\u00e1s \u00bb\t\t<\/a>\n\n\t\t\t\t<\/div>\n\t\t\t\t<div class=\"elementor-post__meta-data\">\n\t\t\t\t\t<span class=\"elementor-post-date\">\n\t\t\tjunio 23, 2023\t\t<\/span>\n\t\t\t\t<span class=\"elementor-post-avatar\">\n\t\t\tNo hay comentarios\t\t<\/span>\n\t\t\t\t<\/div>\n\t\t\t\t\t<\/div>\n\t\t<\/article>\n\t\t\t\t<article class=\"elementor-post elementor-grid-item post-1145 post type-post status-publish format-standard has-post-thumbnail hentry category-crem-helado category-servi-ice tag-bocattofest tag-cremhelado tag-helado tag-serviice\" role=\"listitem\">\n\t\t\t<div class=\"elementor-post__card\">\n\t\t\t\t<a class=\"elementor-post__thumbnail__link\" href=\"https:\/\/serviice.co\/index.php\/2023\/06\/08\/bocatto-fresa\/\" tabindex=\"-1\" target=\"_blank\"><div class=\"elementor-post__thumbnail\"><img decoding=\"async\" width=\"300\" height=\"231\" data-src=\"https:\/\/serviice.co\/wp-content\/uploads\/2023\/06\/354072446_10162725535544465_1467988995437608573_n-1-e1687365478930-300x231.jpg\" class=\"attachment-medium size-medium wp-image-1237 lazyload\" alt=\"\" data-srcset=\"https:\/\/serviice.co\/wp-content\/uploads\/2023\/06\/354072446_10162725535544465_1467988995437608573_n-1-e1687365478930-300x231.jpg 300w, https:\/\/serviice.co\/wp-content\/uploads\/2023\/06\/354072446_10162725535544465_1467988995437608573_n-1-e1687365478930.jpg 409w\" data-sizes=\"(max-width: 300px) 100vw, 300px\" src=\"data:image\/svg+xml;base64,PHN2ZyB3aWR0aD0iMSIgaGVpZ2h0PSIxIiB4bWxucz0iaHR0cDovL3d3dy53My5vcmcvMjAwMC9zdmciPjwvc3ZnPg==\" style=\"--smush-placeholder-width: 300px; --smush-placeholder-aspect-ratio: 300\/231;\" \/><\/div><\/a>\n\t\t\t\t<div class=\"elementor-post__badge\">CREM HELADO<\/div>\n\t\t\t\t<div class=\"elementor-post__text\">\n\t\t\t\t<h3 class=\"elementor-post__title\">\n\t\t\t<a href=\"https:\/\/serviice.co\/index.php\/2023\/06\/08\/bocatto-fresa\/\" target=&quot;_blank&quot;>\n\t\t\t\tBocatto Fest !\t\t\t<\/a>\n\t\t<\/h3>\n\t\t\t\t<div class=\"elementor-post__excerpt\">\n\t\t\t<p>Bocatto Fest!,\u00a0 a Bocattear con el m\u00e1s festivalero de todos, no pod\u00eda falta nuestra punta de chocolate. \u00a0\u00a1pruebalo ahora!<\/p>\n\t\t<\/div>\n\t\t\n\t\t<a class=\"elementor-post__read-more\" href=\"https:\/\/serviice.co\/index.php\/2023\/06\/08\/bocatto-fresa\/\" aria-label=\"M\u00e1s informaci\u00f3n sobre Bocatto Fest !\" tabindex=\"-1\" target=\"_blank\">\n\t\t\tLeer M\u00e1s \u00bb\t\t<\/a>\n\n\t\t\t\t<\/div>\n\t\t\t\t<div class=\"elementor-post__meta-data\">\n\t\t\t\t\t<span class=\"elementor-post-date\">\n\t\t\tjunio 8, 2023\t\t<\/span>\n\t\t\t\t<span class=\"elementor-post-avatar\">\n\t\t\tNo hay comentarios\t\t<\/span>\n\t\t\t\t<\/div>\n\t\t\t\t\t<\/div>\n\t\t<\/article>\n\t\t\t\t<article class=\"elementor-post elementor-grid-item post-1096 post type-post status-publish format-standard has-post-thumbnail hentry category-crem-helado category-servi-ice tag-cremhelado tag-polet tag-serviice\" role=\"listitem\">\n\t\t\t<div class=\"elementor-post__card\">\n\t\t\t\t<a class=\"elementor-post__thumbnail__link\" href=\"https:\/\/serviice.co\/index.php\/2022\/05\/12\/polet\/\" tabindex=\"-1\" target=\"_blank\"><div class=\"elementor-post__thumbnail\"><img decoding=\"async\" width=\"300\" height=\"300\" data-src=\"https:\/\/serviice.co\/wp-content\/uploads\/2022\/04\/polet-300x300.jpg\" class=\"attachment-medium size-medium wp-image-583 lazyload\" alt=\"\" data-srcset=\"https:\/\/serviice.co\/wp-content\/uploads\/2022\/04\/polet-300x300.jpg 300w, https:\/\/serviice.co\/wp-content\/uploads\/2022\/04\/polet-1024x1024.jpg 1024w, https:\/\/serviice.co\/wp-content\/uploads\/2022\/04\/polet-150x150.jpg 150w, https:\/\/serviice.co\/wp-content\/uploads\/2022\/04\/polet-768x768.jpg 768w, https:\/\/serviice.co\/wp-content\/uploads\/2022\/04\/polet.jpg 1080w\" data-sizes=\"(max-width: 300px) 100vw, 300px\" src=\"data:image\/svg+xml;base64,PHN2ZyB3aWR0aD0iMSIgaGVpZ2h0PSIxIiB4bWxucz0iaHR0cDovL3d3dy53My5vcmcvMjAwMC9zdmciPjwvc3ZnPg==\" style=\"--smush-placeholder-width: 300px; --smush-placeholder-aspect-ratio: 300\/300;\" \/><\/div><\/a>\n\t\t\t\t<div class=\"elementor-post__badge\">CREM HELADO<\/div>\n\t\t\t\t<div class=\"elementor-post__text\">\n\t\t\t\t<h3 class=\"elementor-post__title\">\n\t\t\t<a href=\"https:\/\/serviice.co\/index.php\/2022\/05\/12\/polet\/\" target=&quot;_blank&quot;>\n\t\t\t\tPolet Dolce Roma\t\t\t<\/a>\n\t\t<\/h3>\n\t\t\t\t<div class=\"elementor-post__excerpt\">\n\t\t\t<p>\u00a0\u00a1Nueva Polet Dolce Roma desde roma a tu paladar! Polet te lleva a descubrir los sabores de Italia, a trav\u00e9s del m\u00e1ximo placer de su<\/p>\n\t\t<\/div>\n\t\t\n\t\t<a class=\"elementor-post__read-more\" href=\"https:\/\/serviice.co\/index.php\/2022\/05\/12\/polet\/\" aria-label=\"M\u00e1s informaci\u00f3n sobre Polet Dolce Roma\" tabindex=\"-1\" target=\"_blank\">\n\t\t\tLeer M\u00e1s \u00bb\t\t<\/a>\n\n\t\t\t\t<\/div>\n\t\t\t\t<div class=\"elementor-post__meta-data\">\n\t\t\t\t\t<span class=\"elementor-post-date\">\n\t\t\tmayo 12, 2022\t\t<\/span>\n\t\t\t\t<span class=\"elementor-post-avatar\">\n\t\t\tNo hay comentarios\t\t<\/span>\n\t\t\t\t<\/div>\n\t\t\t\t\t<\/div>\n\t\t<\/article>\n\t\t\t\t<article class=\"elementor-post elementor-grid-item post-863 post type-post status-publish format-standard has-post-thumbnail hentry category-crem-helado category-servi-ice\" role=\"listitem\">\n\t\t\t<div class=\"elementor-post__card\">\n\t\t\t\t<a class=\"elementor-post__thumbnail__link\" href=\"https:\/\/serviice.co\/index.php\/2022\/05\/09\/choco-cono\/\" tabindex=\"-1\" target=\"_blank\"><div class=\"elementor-post__thumbnail\"><img decoding=\"async\" width=\"300\" height=\"300\" data-src=\"https:\/\/serviice.co\/wp-content\/uploads\/2022\/05\/normal.v1-300x300.jpg\" class=\"attachment-medium size-medium wp-image-864 lazyload\" alt=\"\" data-srcset=\"https:\/\/serviice.co\/wp-content\/uploads\/2022\/05\/normal.v1-300x300.jpg 300w, https:\/\/serviice.co\/wp-content\/uploads\/2022\/05\/normal.v1-150x150.jpg 150w, https:\/\/serviice.co\/wp-content\/uploads\/2022\/05\/normal.v1.jpg 565w\" data-sizes=\"(max-width: 300px) 100vw, 300px\" src=\"data:image\/svg+xml;base64,PHN2ZyB3aWR0aD0iMSIgaGVpZ2h0PSIxIiB4bWxucz0iaHR0cDovL3d3dy53My5vcmcvMjAwMC9zdmciPjwvc3ZnPg==\" style=\"--smush-placeholder-width: 300px; --smush-placeholder-aspect-ratio: 300\/300;\" \/><\/div><\/a>\n\t\t\t\t<div class=\"elementor-post__badge\">CREM HELADO<\/div>\n\t\t\t\t<div class=\"elementor-post__text\">\n\t\t\t\t<h3 class=\"elementor-post__title\">\n\t\t\t<a href=\"https:\/\/serviice.co\/index.php\/2022\/05\/09\/choco-cono\/\" target=&quot;_blank&quot;>\n\t\t\t\tChoco Cono\t\t\t<\/a>\n\t\t<\/h3>\n\t\t\t\t<div class=\"elementor-post__excerpt\">\n\t\t\t<p>Helado de leche con grasa vegetal, sabor a vainilla con cubierta sabor a Chocolate.<\/p>\n\t\t<\/div>\n\t\t\n\t\t<a class=\"elementor-post__read-more\" href=\"https:\/\/serviice.co\/index.php\/2022\/05\/09\/choco-cono\/\" aria-label=\"M\u00e1s informaci\u00f3n sobre Choco Cono\" tabindex=\"-1\" target=\"_blank\">\n\t\t\tLeer M\u00e1s \u00bb\t\t<\/a>\n\n\t\t\t\t<\/div>\n\t\t\t\t<div class=\"elementor-post__meta-data\">\n\t\t\t\t\t<span class=\"elementor-post-date\">\n\t\t\tmayo 9, 2022\t\t<\/span>\n\t\t\t\t<span class=\"elementor-post-avatar\">\n\t\t\tNo hay comentarios\t\t<\/span>\n\t\t\t\t<\/div>\n\t\t\t\t\t<\/div>\n\t\t<\/article>\n\t\t\t\t<article class=\"elementor-post elementor-grid-item post-853 post type-post status-publish format-standard has-post-thumbnail hentry category-crem-helado\" role=\"listitem\">\n\t\t\t<div class=\"elementor-post__card\">\n\t\t\t\t<a class=\"elementor-post__thumbnail__link\" href=\"https:\/\/serviice.co\/index.php\/2022\/05\/09\/paleta-cremoletta\/\" tabindex=\"-1\" target=\"_blank\"><div class=\"elementor-post__thumbnail\"><img decoding=\"async\" width=\"300\" height=\"150\" data-src=\"https:\/\/serviice.co\/wp-content\/uploads\/2022\/04\/Productouevo1-300x150.png\" class=\"attachment-medium size-medium wp-image-326 lazyload\" alt=\"\" data-srcset=\"https:\/\/serviice.co\/wp-content\/uploads\/2022\/04\/Productouevo1-300x150.png 300w, https:\/\/serviice.co\/wp-content\/uploads\/2022\/04\/Productouevo1-1024x512.png 1024w, https:\/\/serviice.co\/wp-content\/uploads\/2022\/04\/Productouevo1-768x384.png 768w, https:\/\/serviice.co\/wp-content\/uploads\/2022\/04\/Productouevo1-1536x768.png 1536w, https:\/\/serviice.co\/wp-content\/uploads\/2022\/04\/Productouevo1.png 2000w\" data-sizes=\"(max-width: 300px) 100vw, 300px\" src=\"data:image\/svg+xml;base64,PHN2ZyB3aWR0aD0iMSIgaGVpZ2h0PSIxIiB4bWxucz0iaHR0cDovL3d3dy53My5vcmcvMjAwMC9zdmciPjwvc3ZnPg==\" style=\"--smush-placeholder-width: 300px; --smush-placeholder-aspect-ratio: 300\/150;\" \/><\/div><\/a>\n\t\t\t\t<div class=\"elementor-post__badge\">CREM HELADO<\/div>\n\t\t\t\t<div class=\"elementor-post__text\">\n\t\t\t\t<h3 class=\"elementor-post__title\">\n\t\t\t<a href=\"https:\/\/serviice.co\/index.php\/2022\/05\/09\/paleta-cremoletta\/\" target=&quot;_blank&quot;>\n\t\t\t\tPaleta Cremoletta\t\t\t<\/a>\n\t\t<\/h3>\n\t\t\t\t<div class=\"elementor-post__excerpt\">\n\t\t\t<p>Cremoletta volvi\u00f3 para recordarte tus mejores momentos.<\/p>\n\t\t<\/div>\n\t\t\n\t\t<a class=\"elementor-post__read-more\" href=\"https:\/\/serviice.co\/index.php\/2022\/05\/09\/paleta-cremoletta\/\" aria-label=\"M\u00e1s informaci\u00f3n sobre Paleta Cremoletta\" tabindex=\"-1\" target=\"_blank\">\n\t\t\tLeer M\u00e1s \u00bb\t\t<\/a>\n\n\t\t\t\t<\/div>\n\t\t\t\t<div class=\"elementor-post__meta-data\">\n\t\t\t\t\t<span class=\"elementor-post-date\">\n\t\t\tmayo 9, 2022\t\t<\/span>\n\t\t\t\t<span class=\"elementor-post-avatar\">\n\t\t\tNo hay comentarios\t\t<\/span>\n\t\t\t\t<\/div>\n\t\t\t\t\t<\/div>\n\t\t<\/article>\n\t\t\t\t<\/div>\n\t\t\n\t\t\t\t\t\t<\/div>\n\t\t\t\t<\/div>\n\t\t\t\t\t<\/div>\n\t\t<\/div>\n\t\t\t\t\t<\/div>\n\t\t<\/section>\n\t\t\t\t<\/div>\n\t\t","protected":false},"excerpt":{"rendered":"<p>Blogs Servi Ice<\/p>\n","protected":false},"author":1,"featured_media":0,"parent":0,"menu_order":0,"comment_status":"closed","ping_status":"closed","template":"elementor_header_footer","meta":{"footnotes":""},"class_list":["post-1113","page","type-page","status-publish","hentry"],"_links":{"self":[{"href":"https:\/\/serviice.co\/index.php\/wp-json\/wp\/v2\/pages\/1113","targetHints":{"allow":["GET"]}}],"collection":[{"href":"https:\/\/serviice.co\/index.php\/wp-json\/wp\/v2\/pages"}],"about":[{"href":"https:\/\/serviice.co\/index.php\/wp-json\/wp\/v2\/types\/page"}],"author":[{"embeddable":true,"href":"https:\/\/serviice.co\/index.php\/wp-json\/wp\/v2\/users\/1"}],"replies":[{"embeddable":true,"href":"https:\/\/serviice.co\/index.php\/wp-json\/wp\/v2\/comments?post=1113"}],"version-history":[{"count":13,"href":"https:\/\/serviice.co\/index.php\/wp-json\/wp\/v2\/pages\/1113\/revisions"}],"predecessor-version":[{"id":1186,"href":"https:\/\/serviice.co\/index.php\/wp-json\/wp\/v2\/pages\/1113\/revisions\/1186"}],"wp:attachment":[{"href":"https:\/\/serviice.co\/index.php\/wp-json\/wp\/v2\/media?parent=1113"}],"curies":[{"name":"wp","href":"https:\/\/api.w.org\/{rel}","templated":true}]}}